{"id":232,"date":"2019-10-20T12:09:37","date_gmt":"2019-10-20T10:09:37","guid":{"rendered":"http:\/\/apparthotel-chalons-en-champagne.com\/?page_id=232"},"modified":"2022-11-01T15:42:32","modified_gmt":"2022-11-01T14:42:32","slug":"le-cine-loft","status":"publish","type":"page","link":"https:\/\/apparthotel-chalons-en-champagne.com\/?page_id=232","title":{"rendered":"Le Cin\u00e9 Loft"},"content":{"rendered":"<p><!-- bookingWidget requires jQuery and jQueryUI --><br \/>\n<!-- Include the following line ONCE ONLY on the page, preferably in the document head --><br \/>\n<script src=\"https:\/\/media.xmlcal.com\/widget\/1.00\/js\/bookWidget.min.js\"><\/script><\/p>\n<p><!-- Place this div on your page where you want the widget to show --><\/p>\n<div id=\"bookWidget-33789-93414-0-1572706808\"> <\/div>\n<p><!-- The following will initialize the widget in the above div --><br \/>\n<script>\njQuery(document).ready(function() {\n\tjQuery('#bookWidget-33789-93414-0-1572706808').bookWidget({\n\t\tpropid:93414,\n\t\tdateFormat:'dd\/mm\/yy',\n\t\tdateSelection:2,\n\t\tdefaultNightsAdvance:1,\n\t\tdefaultNumAdult:1,\n\t\tdefaultNumNight:1,\n\t\tformAction:'https:\/\/www.beds24.com\/booking.php',\n\t\tmaxAdult:6,\n\t\tpeopleSelection:2,\n\t\tshowLabels:false,\n\t\tweekFirstDay:1,\n\t\twidgetLang:'fr',\n\t\twidgetType:'BookingStrip'\n\t});\n});\n<\/script><\/p>\n\n\n<style type=\"text\/css\">.easingslider-216 { width: 100%; }.easingslider-216 .easingslider-image { max-height: 800px; max-width: 1240px; }.easingslider-216 .easingslider-fade-in, .easingslider-fade-out { -webkit-animation-duration: 800ms; -moz-animation-duration: 800ms; animation-duration: 800ms; }<\/style><script type=\"text\/javascript\">window.EasingSlider216 = {\"width\":1240,\"height\":800,\"singleItem\":true,\"items\":1,\"itemsDesktop\":false,\"itemsDesktopSmall\":false,\"itemsTablet\":false,\"itemsTabletSmall\":false,\"itemsMobile\":false,\"responsive\":true,\"lazyLoad\":true,\"autoPlay\":4000,\"slideSpeed\":800,\"navigation\":true,\"navigationText\":[\"\",\"\"],\"pagination\":true,\"autoHeight\":false,\"mouseDrag\":false,\"touchDrag\":false,\"addClassActive\":true,\"transitionStyle\":false};<\/script><div data-id=\"216\" class=\"easingslider easingslider-216 easingslider-container easingslider-full-width easingslider-resizing-enabled easingslider-aspect-ratio easingslider-arrows-inside easingslider-pagination-inside easingslider-pagination-bottom-center\"><div class=\"easingslider-slide\"><img src=\"https:\/\/apparthotel-chalons-en-champagne.com\/wp-content\/plugins\/easing-slider\/assets\/images\/placeholder-pixel.png\" data-src=\"https:\/\/apparthotel-chalons-en-champagne.com\/wp-content\/uploads\/2019\/10\/20191012_183708-1240x800.jpg\" alt=\"\" title=\"\" class=\"easingslider-image easingslider-lazy\" \/><\/div><div class=\"easingslider-slide\"><img src=\"https:\/\/apparthotel-chalons-en-champagne.com\/wp-content\/plugins\/easing-slider\/assets\/images\/placeholder-pixel.png\" data-src=\"https:\/\/apparthotel-chalons-en-champagne.com\/wp-content\/uploads\/2019\/10\/20191012_182728-1240x800.jpg\" alt=\"\" title=\"\" class=\"easingslider-image easingslider-lazy\" \/><\/div><div class=\"easingslider-slide\"><img src=\"https:\/\/apparthotel-chalons-en-champagne.com\/wp-content\/plugins\/easing-slider\/assets\/images\/placeholder-pixel.png\" data-src=\"https:\/\/apparthotel-chalons-en-champagne.com\/wp-content\/uploads\/2019\/10\/20191012_182838-1240x800.jpg\" alt=\"\" title=\"\" class=\"easingslider-image easingslider-lazy\" \/><\/div><div class=\"easingslider-slide\"><img src=\"https:\/\/apparthotel-chalons-en-champagne.com\/wp-content\/plugins\/easing-slider\/assets\/images\/placeholder-pixel.png\" data-src=\"https:\/\/apparthotel-chalons-en-champagne.com\/wp-content\/uploads\/2019\/10\/20191012_182848-1240x800.jpg\" alt=\"\" title=\"\" class=\"easingslider-image easingslider-lazy\" \/><\/div><div class=\"easingslider-slide\"><img src=\"https:\/\/apparthotel-chalons-en-champagne.com\/wp-content\/plugins\/easing-slider\/assets\/images\/placeholder-pixel.png\" data-src=\"https:\/\/apparthotel-chalons-en-champagne.com\/wp-content\/uploads\/2019\/10\/20191012_182848-1240x800.jpg\" alt=\"\" title=\"\" class=\"easingslider-image easingslider-lazy\" \/><\/div><div class=\"easingslider-slide\"><img src=\"https:\/\/apparthotel-chalons-en-champagne.com\/wp-content\/plugins\/easing-slider\/assets\/images\/placeholder-pixel.png\" data-src=\"https:\/\/apparthotel-chalons-en-champagne.com\/wp-content\/uploads\/2019\/10\/20191012_184036-1240x800.jpg\" alt=\"\" title=\"\" class=\"easingslider-image easingslider-lazy\" \/><\/div><div class=\"easingslider-slide\"><img src=\"https:\/\/apparthotel-chalons-en-champagne.com\/wp-content\/plugins\/easing-slider\/assets\/images\/placeholder-pixel.png\" data-src=\"https:\/\/apparthotel-chalons-en-champagne.com\/wp-content\/uploads\/2019\/10\/20191012_183140-1240x800.jpg\" alt=\"\" title=\"\" class=\"easingslider-image easingslider-lazy\" \/><\/div><div class=\"easingslider-slide\"><img src=\"https:\/\/apparthotel-chalons-en-champagne.com\/wp-content\/plugins\/easing-slider\/assets\/images\/placeholder-pixel.png\" data-src=\"https:\/\/apparthotel-chalons-en-champagne.com\/wp-content\/uploads\/2019\/10\/20191012_183757-1240x800.jpg\" alt=\"\" title=\"\" class=\"easingslider-image easingslider-lazy\" \/><\/div><div class=\"easingslider-slide\"><img src=\"https:\/\/apparthotel-chalons-en-champagne.com\/wp-content\/plugins\/easing-slider\/assets\/images\/placeholder-pixel.png\" data-src=\"https:\/\/apparthotel-chalons-en-champagne.com\/wp-content\/uploads\/2019\/10\/20191012_183732-1240x800.jpg\" alt=\"\" title=\"\" class=\"easingslider-image easingslider-lazy\" \/><\/div><div class=\"easingslider-slide\"><img src=\"https:\/\/apparthotel-chalons-en-champagne.com\/wp-content\/plugins\/easing-slider\/assets\/images\/placeholder-pixel.png\" data-src=\"https:\/\/apparthotel-chalons-en-champagne.com\/wp-content\/uploads\/2019\/10\/20191012_182759-1240x800.jpg\" alt=\"\" title=\"\" class=\"easingslider-image easingslider-lazy\" \/><\/div><div class=\"easingslider-slide\"><img src=\"https:\/\/apparthotel-chalons-en-champagne.com\/wp-content\/plugins\/easing-slider\/assets\/images\/placeholder-pixel.png\" data-src=\"https:\/\/apparthotel-chalons-en-champagne.com\/wp-content\/uploads\/2019\/10\/20191012_183606-1240x800.jpg\" alt=\"\" title=\"\" class=\"easingslider-image easingslider-lazy\" \/><\/div><div class=\"easingslider-slide\"><img src=\"https:\/\/apparthotel-chalons-en-champagne.com\/wp-content\/plugins\/easing-slider\/assets\/images\/placeholder-pixel.png\" data-src=\"https:\/\/apparthotel-chalons-en-champagne.com\/wp-content\/uploads\/2019\/10\/20191013_184558-1240x800.jpg\" alt=\"\" title=\"\" class=\"easingslider-image easingslider-lazy\" \/><\/div><div class=\"easingslider-slide\"><img src=\"https:\/\/apparthotel-chalons-en-champagne.com\/wp-content\/plugins\/easing-slider\/assets\/images\/placeholder-pixel.png\" data-src=\"https:\/\/apparthotel-chalons-en-champagne.com\/wp-content\/uploads\/2019\/10\/20191013_184511-1240x800.jpg\" alt=\"\" title=\"\" class=\"easingslider-image easingslider-lazy\" \/><\/div><div class=\"easingslider-slide\"><img src=\"https:\/\/apparthotel-chalons-en-champagne.com\/wp-content\/plugins\/easing-slider\/assets\/images\/placeholder-pixel.png\" data-src=\"https:\/\/apparthotel-chalons-en-champagne.com\/wp-content\/uploads\/2019\/10\/20191012_183414-1240x800.jpg\" alt=\"\" title=\"\" class=\"easingslider-image easingslider-lazy\" \/><\/div><div class=\"easingslider-slide\"><img src=\"https:\/\/apparthotel-chalons-en-champagne.com\/wp-content\/plugins\/easing-slider\/assets\/images\/placeholder-pixel.png\" data-src=\"https:\/\/apparthotel-chalons-en-champagne.com\/wp-content\/uploads\/2019\/10\/20191012_183507-1240x800.jpg\" alt=\"\" title=\"\" class=\"easingslider-image easingslider-lazy\" \/><\/div><div class=\"easingslider-slide\"><img src=\"https:\/\/apparthotel-chalons-en-champagne.com\/wp-content\/plugins\/easing-slider\/assets\/images\/placeholder-pixel.png\" data-src=\"https:\/\/apparthotel-chalons-en-champagne.com\/wp-content\/uploads\/2019\/10\/20191012_183250-1240x800.jpg\" alt=\"\" title=\"\" class=\"easingslider-image easingslider-lazy\" \/><\/div><div class=\"easingslider-slide\"><img src=\"https:\/\/apparthotel-chalons-en-champagne.com\/wp-content\/plugins\/easing-slider\/assets\/images\/placeholder-pixel.png\" data-src=\"https:\/\/apparthotel-chalons-en-champagne.com\/wp-content\/uploads\/2019\/10\/20191012_183436-1240x800.jpg\" alt=\"\" title=\"\" class=\"easingslider-image easingslider-lazy\" \/><\/div><div class=\"easingslider-slide\"><img src=\"https:\/\/apparthotel-chalons-en-champagne.com\/wp-content\/plugins\/easing-slider\/assets\/images\/placeholder-pixel.png\" data-src=\"https:\/\/apparthotel-chalons-en-champagne.com\/wp-content\/uploads\/2019\/10\/20191012_183843-1240x800.jpg\" alt=\"\" title=\"\" class=\"easingslider-image easingslider-lazy\" \/><\/div><div class=\"easingslider-slide\"><img src=\"https:\/\/apparthotel-chalons-en-champagne.com\/wp-content\/plugins\/easing-slider\/assets\/images\/placeholder-pixel.png\" data-src=\"https:\/\/apparthotel-chalons-en-champagne.com\/wp-content\/uploads\/2019\/10\/20191012_183833-1240x800.jpg\" alt=\"\" title=\"\" class=\"easingslider-image easingslider-lazy\" \/><\/div><\/div>\n\n\n\n<p><\/p>\n\n\n\n<p>Les atouts du meubl\u00e9 de tourisme Cin\u00e9 Loft sont donc le calme et le confort. L\u2019appartement se trouve au second \u00e9tage et est situ\u00e9 dans la cour de l\u2019immeuble. Une fois entr\u00e9 dans la cour, emprunter l\u2019escalier ext\u00e9rieur \u00e0 gauche et sur le palier c\u2019est l\u2019appartement 3 \u00e0 droite. Une fois la porte ouverte, vous n\u2019aurez plus qu\u2019a mont\u00e9 les marches qui vous m\u00e8neront dans le loft.<\/p>\n\n\n\n<p>Un&nbsp;couchage dans un lit confortable 140&#215;190&nbsp;et 2 canap\u00e9s Clic Clac&nbsp;sont&nbsp;\u00e9galement disponible. La capacit\u00e9 de couchage peut donc \u00eatre de 5 personnes.<\/p>\n\n\n\n<p>Cet appartement est id\u00e9alement situ\u00e9 en plein centre ville \u00e0 proximit\u00e9 de tous commerces (Tabac, Boulangerie, Laverie, Restauration rapide, Supermarch\u00e9 Match\u2026).<\/p>\n\n\n\n<p>Vous serez \u00e0 coup sur s\u00e9duit par mon charmant appartement enti\u00e8rement refait \u00e0 neuf. L&#8217;emplacement est id\u00e9al pour vos vacances ou voyages d&#8217;affaire.<\/p>\n\n\n\n<p>Sa situation vous permet de rayonner sur Chalons en Champagne et son agglom\u00e9ration tr\u00e8s facilement.\u00a0Il dispose de tout le confort id\u00e9al pour passer un agr\u00e9able s\u00e9jour.<\/p>\n\n\n\n<p>Le linge&nbsp;lit&nbsp;ainsi que&nbsp;le linge de toilette&nbsp;sont fournis.&nbsp;On mettra \u00e9galement \u00e0 votre disposition quelques dosettes pour la cafeti\u00e8re Sens\u00e9o qui \u00e9quipe l&#8217;appartement.<\/p>\n\n\n\n<p>L&#8217;arriv\u00e9e dans le logement se fait&nbsp;\u00e0 partir de&nbsp;16h gr\u00e2ce \u00e0 une boite \u00e0 cl\u00e9 s\u00e9curis\u00e9. Le d\u00e9part doit avoir lieu avant 11h00 du matin.<\/p>\n\n\n\n<p>En cas de probl\u00e8me, veuillez nous contacter.<\/p>\n","protected":false},"excerpt":{"rendered":"<p>Les atouts du meubl\u00e9 de tourisme Cin\u00e9 Loft sont donc le calme et le confort. L\u2019appartement se trouve au second \u00e9tage et est situ\u00e9 dans la cour de l\u2019immeuble. Une fois entr\u00e9 dans la cour, emprunter l\u2019escalier ext\u00e9rieur \u00e0 gauche et sur le palier c\u2019est l\u2019appartement 3 \u00e0 droite. Une fois la porte ouverte, vous [&hellip;]<\/p>\n","protected":false},"author":1,"featured_media":0,"parent":0,"menu_order":0,"comment_status":"closed","ping_status":"closed","template":"","meta":[],"_links":{"self":[{"href":"https:\/\/apparthotel-chalons-en-champagne.com\/index.php?rest_route=\/wp\/v2\/pages\/232"}],"collection":[{"href":"https:\/\/apparthotel-chalons-en-champagne.com\/index.php?rest_route=\/wp\/v2\/pages"}],"about":[{"href":"https:\/\/apparthotel-chalons-en-champagne.com\/index.php?rest_route=\/wp\/v2\/types\/page"}],"author":[{"embeddable":true,"href":"https:\/\/apparthotel-chalons-en-champagne.com\/index.php?rest_route=\/wp\/v2\/users\/1"}],"replies":[{"embeddable":true,"href":"https:\/\/apparthotel-chalons-en-champagne.com\/index.php?rest_route=%2Fwp%2Fv2%2Fcomments&post=232"}],"version-history":[{"count":9,"href":"https:\/\/apparthotel-chalons-en-champagne.com\/index.php?rest_route=\/wp\/v2\/pages\/232\/revisions"}],"predecessor-version":[{"id":493,"href":"https:\/\/apparthotel-chalons-en-champagne.com\/index.php?rest_route=\/wp\/v2\/pages\/232\/revisions\/493"}],"wp:attachment":[{"href":"https:\/\/apparthotel-chalons-en-champagne.com\/index.php?rest_route=%2Fwp%2Fv2%2Fmedia&parent=232"}],"curies":[{"name":"wp","href":"https:\/\/api.w.org\/{rel}","templated":true}]}}