{"id":122,"date":"2018-10-24T16:31:15","date_gmt":"2018-10-24T14:31:15","guid":{"rendered":"http:\/\/apparthotel-chalons-en-champagne.com\/?page_id=122"},"modified":"2018-12-13T13:00:49","modified_gmt":"2018-12-13T12:00:49","slug":"champagne","status":"publish","type":"page","link":"https:\/\/apparthotel-chalons-en-champagne.com\/?page_id=122","title":{"rendered":"CHAMPAGNE"},"content":{"rendered":"<h3 style=\"text-align: left;\"><span style=\"color: #ff0000;\"><strong>Une envie de profiter de la p\u00e9pite de notre beau terroir pendant votre s\u00e9jour ?<\/strong><\/span><\/h3>\n<h3 style=\"text-align: left;\"><span style=\"color: #ff0000;\"><strong>Imaginez une bonne bouteille de Champagne au frais d\u00e8s votre arriv\u00e9e&#8230;<\/strong><\/span><\/h3>\n<h4 style=\"text-align: left;\"><span style=\"color: #0000ff;\"><strong>Champagne s\u00e9lectionn\u00e9 par mes soins afin de rendre votre s\u00e9jour encore plus agr\u00e9able<\/strong><\/span><\/h4>\n<p><img loading=\"lazy\" class=\"wp-image-125 aligncenter\" src=\"http:\/\/apparthotel-chalons-en-champagne.com\/wp-content\/uploads\/2018\/10\/mms_img1907010679011.jpg\" alt=\"\" width=\"400\" height=\"712\" srcset=\"https:\/\/apparthotel-chalons-en-champagne.com\/wp-content\/uploads\/2018\/10\/mms_img1907010679011.jpg 1457w, https:\/\/apparthotel-chalons-en-champagne.com\/wp-content\/uploads\/2018\/10\/mms_img1907010679011-169x300.jpg 169w, https:\/\/apparthotel-chalons-en-champagne.com\/wp-content\/uploads\/2018\/10\/mms_img1907010679011-768x1366.jpg 768w, https:\/\/apparthotel-chalons-en-champagne.com\/wp-content\/uploads\/2018\/10\/mms_img1907010679011-576x1024.jpg 576w, https:\/\/apparthotel-chalons-en-champagne.com\/wp-content\/uploads\/2018\/10\/mms_img1907010679011-676x1203.jpg 676w\" sizes=\"(max-width: 400px) 100vw, 400px\" \/><\/p>\n<h1 class=\"field-item\" style=\"text-align: left;\"><span style=\"color: #000000;\">R\u00e9serve<\/span><\/h1>\n<div class=\"entity entity-paragraphs-item paragraphs-item-texte\">\n<div class=\"content\">\n<div class=\"field field-name-field-corps field-type-text-long field-label-hidden\">\n<div class=\"field-items\">\n<div class=\"field-item even\">\n<p style=\"text-align: left;\"><span style=\"color: #000000;\">LA GOURMANDISE \u00c0 L\u2019\u00c9TAT BRUT SANS R\u00c9SERVE<\/span><\/p>\n<p style=\"text-align: left;\"><span style=\"color: #000000;\"><strong>La signature singuli\u00e8re de CASTELNAU est celle d\u2019une longue maturation de cette cuv\u00e9e. C\u2019est l\u2019aboutissement d\u2019une recherche d\u2019un \u00e9quilibre raffin\u00e9 entre maturit\u00e9 et fra\u00eecheur.\u00a0<\/strong><\/span><\/p>\n<h3 style=\"text-align: left;\"><span style=\"color: #ff0000;\"><strong>Seulement 25 euros La bouteille 75cl<\/strong><\/span><\/h3>\n<p>&#8212;&#8212;&#8212;&#8212;&#8212;&#8212;&#8212;&#8212;&#8212;&#8212;&#8212;&#8212;&#8212;&#8212;&#8212;&#8212;&#8212;&#8212;&#8212;&#8212;&#8212;&#8212;&#8212;&#8212;&#8212;&#8212;&#8212;&#8212;&#8212;&#8212;&#8212;&#8212;&#8212;&#8212;&#8212;&#8212;&#8212;&#8212;&#8212;&#8212;&#8212;&#8212;&#8212;&#8212;&#8212;&#8212;&#8212;&#8212;&#8212;&#8212;&#8212;&#8212;&#8212;&#8212;&#8212;&#8212;&#8212;&#8212;&#8212;&#8212;&#8212;&#8212;&#8212;&#8212;&#8212;&#8212;&#8212;&#8212;&#8212;&#8212;&#8212;&#8212;&#8212;&#8212;&#8212;&#8212;&#8212;&#8212;&#8212;&#8212;&#8212;&#8212;-<\/p>\n<hr \/>\n<\/div>\n<\/div>\n<\/div>\n<\/div>\n<\/div>\n<p><img loading=\"lazy\" class=\"wp-image-124 aligncenter\" src=\"http:\/\/apparthotel-chalons-en-champagne.com\/wp-content\/uploads\/2018\/10\/mms_img871072250011.jpg\" alt=\"\" width=\"400\" height=\"712\" srcset=\"https:\/\/apparthotel-chalons-en-champagne.com\/wp-content\/uploads\/2018\/10\/mms_img871072250011.jpg 1457w, https:\/\/apparthotel-chalons-en-champagne.com\/wp-content\/uploads\/2018\/10\/mms_img871072250011-169x300.jpg 169w, https:\/\/apparthotel-chalons-en-champagne.com\/wp-content\/uploads\/2018\/10\/mms_img871072250011-768x1366.jpg 768w, https:\/\/apparthotel-chalons-en-champagne.com\/wp-content\/uploads\/2018\/10\/mms_img871072250011-576x1024.jpg 576w, https:\/\/apparthotel-chalons-en-champagne.com\/wp-content\/uploads\/2018\/10\/mms_img871072250011-676x1203.jpg 676w\" sizes=\"(max-width: 400px) 100vw, 400px\" \/><\/p>\n<h1 class=\"field-item\" style=\"text-align: left;\"><span style=\"color: #000000;\">Mill\u00e9sim\u00e9 2006<\/span><\/h1>\n<div class=\"entity entity-paragraphs-item paragraphs-item-texte\">\n<div class=\"content\">\n<div class=\"field field-name-field-corps field-type-text-long field-label-hidden\">\n<div class=\"field-items\">\n<div class=\"field-item even\">\n<p style=\"text-align: left;\"><span style=\"color: #000000;\">L\u2019\u00c9CLAT D\u2019UNE\u00a0BELLE ANN\u00c9E,\u00a0L\u2019EXPRESSION D\u2019UN SAVOIR-FAIRE<\/span><\/p>\n<p style=\"text-align: left;\"><span style=\"color: #000000;\"><strong>Un vieillissement exceptionnel sur lies de plus de 10 ans\u00a0en caves apporte \u00e0 cette cuv\u00e9e une profondeur\u00a0aromatique remarquable.<\/strong><\/span><\/p>\n<h3 style=\"text-align: left;\"><span style=\"color: #ff0000;\"><strong>Seulement\u00a030 euros La bouteille 75cl<\/strong><\/span><\/h3>\n<p>&#8212;&#8212;&#8212;&#8212;&#8212;&#8212;&#8212;&#8212;&#8212;&#8212;&#8212;&#8212;&#8212;&#8212;&#8212;&#8212;&#8212;&#8212;&#8212;&#8212;&#8212;&#8212;&#8212;&#8212;&#8212;&#8212;&#8212;&#8212;&#8212;&#8212;&#8212;&#8212;&#8212;&#8212;&#8212;&#8212;&#8212;&#8212;&#8212;&#8212;&#8212;&#8212;&#8212;&#8212;&#8212;&#8212;&#8212;&#8212;&#8212;&#8212;&#8212;&#8212;&#8212;&#8212;&#8212;&#8212;&#8212;&#8212;&#8212;&#8212;&#8212;&#8212;&#8212;&#8212;&#8212;&#8212;&#8212;&#8212;&#8212;&#8212;&#8212;&#8212;&#8212;&#8212;&#8212;&#8212;&#8212;&#8212;&#8212;&#8212;&#8212;&#8212;&#8212;<\/p>\n<\/div>\n<p><span style=\"color: #3366ff;\"><strong>Si vous d\u00e9sirez du Champagne \u00e0 votre arriv\u00e9, faites le nous savoir par email : studio115bourgeois@gmail.com<\/strong><\/span><\/p>\n<p><span style=\"color: #3366ff;\"><strong>Ou par t\u00e9l : 0611036280<\/strong><\/span><\/p>\n<p><strong>L&#8217;abus d&#8217;alcool est dangereux pour la sant\u00e9.<\/strong><\/p>\n<p><span style=\"color: #3366ff;\">R\u00e8glement sur place uniquement en esp\u00e8ce.<\/span><\/p>\n<p><span style=\"color: #3366ff;\">Offre r\u00e9serv\u00e9 aux personnes de plus de 18 ans<\/span><\/p>\n<\/div>\n<p style=\"text-align: center;\"><span style=\"color: #000000;\">L&#8217;abus d&#8217;alcool est dangereux pour la sant\u00e9.<\/span><\/p>\n<\/div>\n<\/div>\n<\/div>\n","protected":false},"excerpt":{"rendered":"<p>Une envie de profiter de la p\u00e9pite de notre beau terroir pendant votre s\u00e9jour ? Imaginez une bonne bouteille de Champagne au frais d\u00e8s votre arriv\u00e9e&#8230; Champagne s\u00e9lectionn\u00e9 par mes soins afin de rendre votre s\u00e9jour encore plus agr\u00e9able R\u00e9serve LA GOURMANDISE \u00c0 L\u2019\u00c9TAT BRUT SANS R\u00c9SERVE La signature singuli\u00e8re de CASTELNAU est celle d\u2019une [&hellip;]<\/p>\n","protected":false},"author":1,"featured_media":0,"parent":0,"menu_order":0,"comment_status":"closed","ping_status":"closed","template":"","meta":[],"_links":{"self":[{"href":"https:\/\/apparthotel-chalons-en-champagne.com\/index.php?rest_route=\/wp\/v2\/pages\/122"}],"collection":[{"href":"https:\/\/apparthotel-chalons-en-champagne.com\/index.php?rest_route=\/wp\/v2\/pages"}],"about":[{"href":"https:\/\/apparthotel-chalons-en-champagne.com\/index.php?rest_route=\/wp\/v2\/types\/page"}],"author":[{"embeddable":true,"href":"https:\/\/apparthotel-chalons-en-champagne.com\/index.php?rest_route=\/wp\/v2\/users\/1"}],"replies":[{"embeddable":true,"href":"https:\/\/apparthotel-chalons-en-champagne.com\/index.php?rest_route=%2Fwp%2Fv2%2Fcomments&post=122"}],"version-history":[{"count":18,"href":"https:\/\/apparthotel-chalons-en-champagne.com\/index.php?rest_route=\/wp\/v2\/pages\/122\/revisions"}],"predecessor-version":[{"id":157,"href":"https:\/\/apparthotel-chalons-en-champagne.com\/index.php?rest_route=\/wp\/v2\/pages\/122\/revisions\/157"}],"wp:attachment":[{"href":"https:\/\/apparthotel-chalons-en-champagne.com\/index.php?rest_route=%2Fwp%2Fv2%2Fmedia&parent=122"}],"curies":[{"name":"wp","href":"https:\/\/api.w.org\/{rel}","templated":true}]}}